{"id":110637,"date":"2018-01-25T11:47:09","modified":"2022-09-08T14:16:04","slug":"stationary-material-handler-gf-90-105","status":"publish","type":"page","link":"https:\/\/www.tabarelli.com\/en\/stationary-material-handlers\/stationary-material-handler-gf-90-105\/","title":{"rendered":"Stationary material handler GF 90.105"},"parent":96552,"meta":[],"acf":{"galleria_app":[{"ID":100813,"id":100813,"title":"Gr\u00f9 fissa Tabarelli GF 90 (3)","filename":"Gr\u00f9-fissa-Tabarelli-GF-90-3.jpg","filesize":2444544,"url":"https:\/\/www.tabarelli.com\/wp-content\/uploads\/2017\/09\/Gr\u00f9-fissa-Tabarelli-GF-90-3.jpg","link":"https:\/\/www.tabarelli.com\/en\/stationary-material-handlers\/stationary-material-handler-gf-90-105\/gru-fissa-tabarelli-gf-90-3-2\/","alt":"","author":"2","description":"","caption":"","name":"gru-fissa-tabarelli-gf-90-3-2","status":"inherit","uploaded_to":110637,"date":"2018-01-25 10:30:37","modified":"2020-08-28 14:58:59","menu_order":0,"mime_type":"image\/jpeg","type":"image","subtype":"jpeg","icon":"https:\/\/www.tabarelli.com\/wp-includes\/images\/media\/default.png","width":3240,"height":4320,"sizes":{"thumbnail":"https:\/\/www.tabarelli.com\/wp-content\/uploads\/2017\/09\/Gr\u00f9-fissa-Tabarelli-GF-90-3-150x150.jpg","thumbnail-width":150,"thumbnail-height":150,"medium":"https:\/\/www.tabarelli.com\/wp-content\/uploads\/2017\/09\/Gr\u00f9-fissa-Tabarelli-GF-90-3-225x300.jpg","medium-width":225,"medium-height":300,"medium_large":"https:\/\/www.tabarelli.com\/wp-content\/uploads\/2017\/09\/Gr\u00f9-fissa-Tabarelli-GF-90-3-768x1024.jpg","medium_large-width":640,"medium_large-height":853,"large":"https:\/\/www.tabarelli.com\/wp-content\/uploads\/2017\/09\/Gr\u00f9-fissa-Tabarelli-GF-90-3-768x1024.jpg","large-width":640,"large-height":853,"1536x1536":"https:\/\/www.tabarelli.com\/wp-content\/uploads\/2017\/09\/Gr\u00f9-fissa-Tabarelli-GF-90-3.jpg","1536x1536-width":1152,"1536x1536-height":1536,"2048x2048":"https:\/\/www.tabarelli.com\/wp-content\/uploads\/2017\/09\/Gr\u00f9-fissa-Tabarelli-GF-90-3.jpg","2048x2048-width":1536,"2048x2048-height":2048}},{"ID":100819,"id":100819,"title":"Gr\u00f9 fissa Tabarelli GF 90 (4)","filename":"Gr\u00f9-fissa-Tabarelli-GF-90-4.jpg","filesize":3002695,"url":"https:\/\/www.tabarelli.com\/wp-content\/uploads\/2017\/09\/Gr\u00f9-fissa-Tabarelli-GF-90-4.jpg","link":"https:\/\/www.tabarelli.com\/en\/stationary-material-handlers\/stationary-material-handler-gf-90-105\/gru-fissa-tabarelli-gf-90-4-2\/","alt":"","author":"2","description":"","caption":"","name":"gru-fissa-tabarelli-gf-90-4-2","status":"inherit","uploaded_to":110637,"date":"2018-01-25 10:31:38","modified":"2018-01-25 10:31:38","menu_order":0,"mime_type":"image\/jpeg","type":"image","subtype":"jpeg","icon":"https:\/\/www.tabarelli.com\/wp-includes\/images\/media\/default.png","width":4320,"height":3240,"sizes":{"thumbnail":"https:\/\/www.tabarelli.com\/wp-content\/uploads\/2017\/09\/Gr\u00f9-fissa-Tabarelli-GF-90-4-150x150.jpg","thumbnail-width":150,"thumbnail-height":150,"medium":"https:\/\/www.tabarelli.com\/wp-content\/uploads\/2017\/09\/Gr\u00f9-fissa-Tabarelli-GF-90-4-300x225.jpg","medium-width":300,"medium-height":225,"medium_large":"https:\/\/www.tabarelli.com\/wp-content\/uploads\/2017\/09\/Gr\u00f9-fissa-Tabarelli-GF-90-4-768x576.jpg","medium_large-width":640,"medium_large-height":480,"large":"https:\/\/www.tabarelli.com\/wp-content\/uploads\/2017\/09\/Gr\u00f9-fissa-Tabarelli-GF-90-4-1024x768.jpg","large-width":640,"large-height":480,"1536x1536":"https:\/\/www.tabarelli.com\/wp-content\/uploads\/2017\/09\/Gr\u00f9-fissa-Tabarelli-GF-90-4.jpg","1536x1536-width":1536,"1536x1536-height":1152,"2048x2048":"https:\/\/www.tabarelli.com\/wp-content\/uploads\/2017\/09\/Gr\u00f9-fissa-Tabarelli-GF-90-4.jpg","2048x2048-width":2048,"2048x2048-height":1536}},{"ID":100825,"id":100825,"title":"Gr\u00f9 fissa Tabarelli GF 90 (5)","filename":"Gr\u00f9-fissa-Tabarelli-GF-90-5.jpg","filesize":3072542,"url":"https:\/\/www.tabarelli.com\/wp-content\/uploads\/2017\/09\/Gr\u00f9-fissa-Tabarelli-GF-90-5.jpg","link":"https:\/\/www.tabarelli.com\/en\/stationary-material-handlers\/stationary-material-handler-gf-90-105\/gru-fissa-tabarelli-gf-90-5-2\/","alt":"","author":"2","description":"","caption":"","name":"gru-fissa-tabarelli-gf-90-5-2","status":"inherit","uploaded_to":110637,"date":"2018-01-25 10:32:42","modified":"2018-01-25 10:32:42","menu_order":0,"mime_type":"image\/jpeg","type":"image","subtype":"jpeg","icon":"https:\/\/www.tabarelli.com\/wp-includes\/images\/media\/default.png","width":4320,"height":3240,"sizes":{"thumbnail":"https:\/\/www.tabarelli.com\/wp-content\/uploads\/2017\/09\/Gr\u00f9-fissa-Tabarelli-GF-90-5-150x150.jpg","thumbnail-width":150,"thumbnail-height":150,"medium":"https:\/\/www.tabarelli.com\/wp-content\/uploads\/2017\/09\/Gr\u00f9-fissa-Tabarelli-GF-90-5-300x225.jpg","medium-width":300,"medium-height":225,"medium_large":"https:\/\/www.tabarelli.com\/wp-content\/uploads\/2017\/09\/Gr\u00f9-fissa-Tabarelli-GF-90-5-768x576.jpg","medium_large-width":640,"medium_large-height":480,"large":"https:\/\/www.tabarelli.com\/wp-content\/uploads\/2017\/09\/Gr\u00f9-fissa-Tabarelli-GF-90-5-1024x768.jpg","large-width":640,"large-height":480,"1536x1536":"https:\/\/www.tabarelli.com\/wp-content\/uploads\/2017\/09\/Gr\u00f9-fissa-Tabarelli-GF-90-5.jpg","1536x1536-width":1536,"1536x1536-height":1152,"2048x2048":"https:\/\/www.tabarelli.com\/wp-content\/uploads\/2017\/09\/Gr\u00f9-fissa-Tabarelli-GF-90-5.jpg","2048x2048-width":2048,"2048x2048-height":1536}},{"ID":100837,"id":100837,"title":"Gr\u00f9 fissa Tabarelli GF 90 (7)","filename":"Gr\u00f9-fissa-Tabarelli-GF-90-7.jpg","filesize":2996410,"url":"https:\/\/www.tabarelli.com\/wp-content\/uploads\/2017\/09\/Gr\u00f9-fissa-Tabarelli-GF-90-7.jpg","link":"https:\/\/www.tabarelli.com\/en\/stationary-material-handlers\/stationary-material-handler-gf-90-105\/gru-fissa-tabarelli-gf-90-7-2\/","alt":"","author":"2","description":"","caption":"","name":"gru-fissa-tabarelli-gf-90-7-2","status":"inherit","uploaded_to":110637,"date":"2018-01-25 10:34:20","modified":"2018-01-25 10:34:20","menu_order":0,"mime_type":"image\/jpeg","type":"image","subtype":"jpeg","icon":"https:\/\/www.tabarelli.com\/wp-includes\/images\/media\/default.png","width":4320,"height":3240,"sizes":{"thumbnail":"https:\/\/www.tabarelli.com\/wp-content\/uploads\/2017\/09\/Gr\u00f9-fissa-Tabarelli-GF-90-7-150x150.jpg","thumbnail-width":150,"thumbnail-height":150,"medium":"https:\/\/www.tabarelli.com\/wp-content\/uploads\/2017\/09\/Gr\u00f9-fissa-Tabarelli-GF-90-7-300x225.jpg","medium-width":300,"medium-height":225,"medium_large":"https:\/\/www.tabarelli.com\/wp-content\/uploads\/2017\/09\/Gr\u00f9-fissa-Tabarelli-GF-90-7-768x576.jpg","medium_large-width":640,"medium_large-height":480,"large":"https:\/\/www.tabarelli.com\/wp-content\/uploads\/2017\/09\/Gr\u00f9-fissa-Tabarelli-GF-90-7-1024x768.jpg","large-width":640,"large-height":480,"1536x1536":"https:\/\/www.tabarelli.com\/wp-content\/uploads\/2017\/09\/Gr\u00f9-fissa-Tabarelli-GF-90-7.jpg","1536x1536-width":1536,"1536x1536-height":1152,"2048x2048":"https:\/\/www.tabarelli.com\/wp-content\/uploads\/2017\/09\/Gr\u00f9-fissa-Tabarelli-GF-90-7.jpg","2048x2048-width":2048,"2048x2048-height":1536}},{"ID":100843,"id":100843,"title":"Gr\u00f9 fissa Tabarelli GF 90 (13)","filename":"Gr\u00f9-fissa-Tabarelli-GF-90-13.jpg","filesize":2935366,"url":"https:\/\/www.tabarelli.com\/wp-content\/uploads\/2017\/09\/Gr\u00f9-fissa-Tabarelli-GF-90-13.jpg","link":"https:\/\/www.tabarelli.com\/en\/stationary-material-handlers\/stationary-material-handler-gf-90-105\/gru-fissa-tabarelli-gf-90-13-2\/","alt":"","author":"2","description":"","caption":"","name":"gru-fissa-tabarelli-gf-90-13-2","status":"inherit","uploaded_to":110637,"date":"2018-01-25 10:35:40","modified":"2018-01-25 10:35:40","menu_order":0,"mime_type":"image\/jpeg","type":"image","subtype":"jpeg","icon":"https:\/\/www.tabarelli.com\/wp-includes\/images\/media\/default.png","width":4320,"height":3240,"sizes":{"thumbnail":"https:\/\/www.tabarelli.com\/wp-content\/uploads\/2017\/09\/Gr\u00f9-fissa-Tabarelli-GF-90-13-150x150.jpg","thumbnail-width":150,"thumbnail-height":150,"medium":"https:\/\/www.tabarelli.com\/wp-content\/uploads\/2017\/09\/Gr\u00f9-fissa-Tabarelli-GF-90-13-300x225.jpg","medium-width":300,"medium-height":225,"medium_large":"https:\/\/www.tabarelli.com\/wp-content\/uploads\/2017\/09\/Gr\u00f9-fissa-Tabarelli-GF-90-13-768x576.jpg","medium_large-width":640,"medium_large-height":480,"large":"https:\/\/www.tabarelli.com\/wp-content\/uploads\/2017\/09\/Gr\u00f9-fissa-Tabarelli-GF-90-13-1024x768.jpg","large-width":640,"large-height":480,"1536x1536":"https:\/\/www.tabarelli.com\/wp-content\/uploads\/2017\/09\/Gr\u00f9-fissa-Tabarelli-GF-90-13.jpg","1536x1536-width":1536,"1536x1536-height":1152,"2048x2048":"https:\/\/www.tabarelli.com\/wp-content\/uploads\/2017\/09\/Gr\u00f9-fissa-Tabarelli-GF-90-13.jpg","2048x2048-width":2048,"2048x2048-height":1536}},{"ID":100849,"id":100849,"title":"Gr\u00f9 fissa Tabarelli GF 90 (14)","filename":"Gr\u00f9-fissa-Tabarelli-GF-90-14.jpg","filesize":2312320,"url":"https:\/\/www.tabarelli.com\/wp-content\/uploads\/2017\/09\/Gr\u00f9-fissa-Tabarelli-GF-90-14.jpg","link":"https:\/\/www.tabarelli.com\/en\/stationary-material-handlers\/stationary-material-handler-gf-90-105\/gru-fissa-tabarelli-gf-90-14-2\/","alt":"Gr\u00f9 a postazione fissa Tabarelli GF 90.105 ideale per movimentazione rifiuti","author":"2","description":"","caption":"","name":"gru-fissa-tabarelli-gf-90-14-2","status":"inherit","uploaded_to":110637,"date":"2018-01-25 10:36:37","modified":"2021-09-30 16:11:50","menu_order":0,"mime_type":"image\/jpeg","type":"image","subtype":"jpeg","icon":"https:\/\/www.tabarelli.com\/wp-includes\/images\/media\/default.png","width":4320,"height":3240,"sizes":{"thumbnail":"https:\/\/www.tabarelli.com\/wp-content\/uploads\/2017\/09\/Gr\u00f9-fissa-Tabarelli-GF-90-14-150x150.jpg","thumbnail-width":150,"thumbnail-height":150,"medium":"https:\/\/www.tabarelli.com\/wp-content\/uploads\/2017\/09\/Gr\u00f9-fissa-Tabarelli-GF-90-14-300x225.jpg","medium-width":300,"medium-height":225,"medium_large":"https:\/\/www.tabarelli.com\/wp-content\/uploads\/2017\/09\/Gr\u00f9-fissa-Tabarelli-GF-90-14-768x576.jpg","medium_large-width":640,"medium_large-height":480,"large":"https:\/\/www.tabarelli.com\/wp-content\/uploads\/2017\/09\/Gr\u00f9-fissa-Tabarelli-GF-90-14-1024x768.jpg","large-width":640,"large-height":480,"1536x1536":"https:\/\/www.tabarelli.com\/wp-content\/uploads\/2017\/09\/Gr\u00f9-fissa-Tabarelli-GF-90-14.jpg","1536x1536-width":1536,"1536x1536-height":1152,"2048x2048":"https:\/\/www.tabarelli.com\/wp-content\/uploads\/2017\/09\/Gr\u00f9-fissa-Tabarelli-GF-90-14.jpg","2048x2048-width":2048,"2048x2048-height":1536}},{"ID":100855,"id":100855,"title":"Gr\u00f9 fissa Tabarelli GF 90 (15)","filename":"Gr\u00f9-fissa-Tabarelli-GF-90-15.jpg","filesize":2953636,"url":"https:\/\/www.tabarelli.com\/wp-content\/uploads\/2017\/09\/Gr\u00f9-fissa-Tabarelli-GF-90-15.jpg","link":"https:\/\/www.tabarelli.com\/en\/stationary-material-handlers\/stationary-material-handler-gf-90-105\/gru-fissa-tabarelli-gf-90-15-2\/","alt":"","author":"2","description":"","caption":"","name":"gru-fissa-tabarelli-gf-90-15-2","status":"inherit","uploaded_to":110637,"date":"2018-01-25 10:37:26","modified":"2018-01-25 10:37:26","menu_order":0,"mime_type":"image\/jpeg","type":"image","subtype":"jpeg","icon":"https:\/\/www.tabarelli.com\/wp-includes\/images\/media\/default.png","width":4320,"height":3240,"sizes":{"thumbnail":"https:\/\/www.tabarelli.com\/wp-content\/uploads\/2017\/09\/Gr\u00f9-fissa-Tabarelli-GF-90-15-150x150.jpg","thumbnail-width":150,"thumbnail-height":150,"medium":"https:\/\/www.tabarelli.com\/wp-content\/uploads\/2017\/09\/Gr\u00f9-fissa-Tabarelli-GF-90-15-300x225.jpg","medium-width":300,"medium-height":225,"medium_large":"https:\/\/www.tabarelli.com\/wp-content\/uploads\/2017\/09\/Gr\u00f9-fissa-Tabarelli-GF-90-15-768x576.jpg","medium_large-width":640,"medium_large-height":480,"large":"https:\/\/www.tabarelli.com\/wp-content\/uploads\/2017\/09\/Gr\u00f9-fissa-Tabarelli-GF-90-15-1024x768.jpg","large-width":640,"large-height":480,"1536x1536":"https:\/\/www.tabarelli.com\/wp-content\/uploads\/2017\/09\/Gr\u00f9-fissa-Tabarelli-GF-90-15.jpg","1536x1536-width":1536,"1536x1536-height":1152,"2048x2048":"https:\/\/www.tabarelli.com\/wp-content\/uploads\/2017\/09\/Gr\u00f9-fissa-Tabarelli-GF-90-15.jpg","2048x2048-width":2048,"2048x2048-height":1536}}],"descrizione_app":"<div class=\"vc_custom_heading style3 vc_custom_1445440547118\"><\/div>\n<div class=\"wpb_text_column wpb_content_element gray\">\u00a0 Gru Fissa GF 90.105<\/div>\n","specifiche":[{"acf_fc_layout":"dati-tecnici","titolo":"Dati tecnici","descrizione_1":"<p>Capacit\u00e0 di sollevamento:<br \/>\n<b>1,5 ton<\/b><\/p>\n","immagine_1":"https:\/\/www.tabarelli.com\/wp-content\/uploads\/2015\/07\/capacita-sollevamento.png","descrizione_2":"<p>Potenza motore:<br \/>\n<strong>diesel 60 Hp<\/strong><\/p>\n","immagine_2":"https:\/\/www.tabarelli.com\/wp-content\/uploads\/2016\/10\/admin-ajax-2.png","descrizione_3":"<p>Potenza motore:\u00a0<strong>elettrico 40 Kw 400V<\/strong><\/p>\n","immagine_3":"https:\/\/www.tabarelli.com\/wp-content\/uploads\/2016\/10\/admin-ajax-3.png","descrizione_5":"","immagine_4":false},{"acf_fc_layout":"immagine-testo","titolo":"Lunghezza braccio (mt)","elementi_prodotto":[{"testo":"<p><strong>9,0 m<\/strong><\/p>\n","immagine":"https:\/\/www.tabarelli.com\/wp-content\/uploads\/2016\/10\/60.86.png"}]}],"immagine_app":"https:\/\/www.tabarelli.com\/wp-content\/uploads\/2017\/09\/Gr\u00f9-fissa-Tabarelli-GF-90-14.jpg","preview_app":"Gru Fissa GF 90.105"},"_links":{"self":[{"href":"https:\/\/www.tabarelli.com\/en\/wp-json\/wp\/v2\/pages\/110637"}],"collection":[{"href":"https:\/\/www.tabarelli.com\/en\/wp-json\/wp\/v2\/pages"}],"about":[{"href":"https:\/\/www.tabarelli.com\/en\/wp-json\/wp\/v2\/types\/page"}],"author":[{"embeddable":true,"href":"https:\/\/www.tabarelli.com\/en\/wp-json\/wp\/v2\/users\/1"}],"replies":[{"embeddable":true,"href":"https:\/\/www.tabarelli.com\/en\/wp-json\/wp\/v2\/comments?post=110637"}],"version-history":[{"count":3,"href":"https:\/\/www.tabarelli.com\/en\/wp-json\/wp\/v2\/pages\/110637\/revisions"}],"predecessor-version":[{"id":110647,"href":"https:\/\/www.tabarelli.com\/en\/wp-json\/wp\/v2\/pages\/110637\/revisions\/110647"}],"up":[{"embeddable":true,"href":"https:\/\/www.tabarelli.com\/en\/wp-json\/wp\/v2\/pages\/96552"}],"wp:featuredmedia":[{"embeddable":true,"href":"https:\/\/www.tabarelli.com\/en\/wp-json\/wp\/v2\/media\/100849"}],"wp:attachment":[{"href":"https:\/\/www.tabarelli.com\/en\/wp-json\/wp\/v2\/media?parent=110637"}],"curies":[{"name":"wp","href":"https:\/\/api.w.org\/{rel}","templated":true}]}}